{"id":5968,"date":"2020-10-05T23:45:04","date_gmt":"2020-10-05T23:45:04","guid":{"rendered":"http:\/\/proyeccionvisual.com.co\/?post_type=product&#038;p=5968"},"modified":"2026-04-13T02:38:59","modified_gmt":"2026-04-13T02:38:59","slug":"montura-acetato","status":"publish","type":"product","link":"https:\/\/proyeccionvisual.com.co\/index.php\/producto\/montura-acetato\/","title":{"rendered":"MONTURA ACETATO"},"content":{"rendered":"","protected":false},"excerpt":{"rendered":"<p>Si desea recibir m\u00e1s modelos a su m\u00f3vil por favor cont\u00e1ctanos por WhatsApp<\/p>\n","protected":false},"featured_media":6019,"comment_status":"open","ping_status":"closed","template":"","meta":[],"product_cat":[53],"product_tag":[59,60,58],"_links":{"self":[{"href":"https:\/\/proyeccionvisual.com.co\/index.php\/wp-json\/wp\/v2\/product\/5968"}],"collection":[{"href":"https:\/\/proyeccionvisual.com.co\/index.php\/wp-json\/wp\/v2\/product"}],"about":[{"href":"https:\/\/proyeccionvisual.com.co\/index.php\/wp-json\/wp\/v2\/types\/product"}],"replies":[{"embeddable":true,"href":"https:\/\/proyeccionvisual.com.co\/index.php\/wp-json\/wp\/v2\/comments?post=5968"}],"wp:featuredmedia":[{"embeddable":true,"href":"https:\/\/proyeccionvisual.com.co\/index.php\/wp-json\/wp\/v2\/media\/6019"}],"wp:attachment":[{"href":"https:\/\/proyeccionvisual.com.co\/index.php\/wp-json\/wp\/v2\/media?parent=5968"}],"wp:term":[{"taxonomy":"product_cat","embeddable":true,"href":"https:\/\/proyeccionvisual.com.co\/index.php\/wp-json\/wp\/v2\/product_cat?post=5968"},{"taxonomy":"product_tag","embeddable":true,"href":"https:\/\/proyeccionvisual.com.co\/index.php\/wp-json\/wp\/v2\/product_tag?post=5968"}],"curies":[{"name":"wp","href":"https:\/\/api.w.org\/{rel}","templated":true}]}}