{"id":6034,"date":"2020-10-10T00:17:43","date_gmt":"2020-10-10T00:17:43","guid":{"rendered":"http:\/\/proyeccionvisual.com.co\/?post_type=product&#038;p=6034"},"modified":"2020-10-10T01:12:40","modified_gmt":"2020-10-10T01:12:40","slug":"como-1-montura-y-lentes-transitions-blue-copia","status":"publish","type":"product","link":"https:\/\/proyeccionvisual.com.co\/index.php\/producto\/como-1-montura-y-lentes-transitions-blue-copia\/","title":{"rendered":"COMBO 3: MONTURA Y LENTES FOTOCROM\u00c1TICOS"},"content":{"rendered":"","protected":false},"excerpt":{"rendered":"<p>Las lentes fotocrom\u00e1ticas son lentes que<strong>\u00a0oscurecen en funci\u00f3n de la luminosidad natural del exterior<\/strong>. Estas lentes se aclaran o se oscurecen r\u00e1pidamente en virtud de la intensidad de los rayos ultravioleta a los que sean expuestos. En el exterior,\u00a0 la coloraci\u00f3n m\u00e1xima de las lentes puede variar en funci\u00f3n de la temperatura. Las gafas con cristales fotocrom\u00e1ticos pueden usarse tanto en interiores como en el exterior,\u00a0<strong>protegiendo los ojos contra los rayos UVA y UVB<\/strong>, invisibles pero siempre presentes, incluso con poco sol, y contra el deslumbramiento, que le proporciona un confrot visual excepcional.<\/p>\n","protected":false},"featured_media":6036,"comment_status":"open","ping_status":"closed","template":"","meta":[],"product_cat":[65],"product_tag":[59,60,66],"_links":{"self":[{"href":"https:\/\/proyeccionvisual.com.co\/index.php\/wp-json\/wp\/v2\/product\/6034"}],"collection":[{"href":"https:\/\/proyeccionvisual.com.co\/index.php\/wp-json\/wp\/v2\/product"}],"about":[{"href":"https:\/\/proyeccionvisual.com.co\/index.php\/wp-json\/wp\/v2\/types\/product"}],"replies":[{"embeddable":true,"href":"https:\/\/proyeccionvisual.com.co\/index.php\/wp-json\/wp\/v2\/comments?post=6034"}],"wp:featuredmedia":[{"embeddable":true,"href":"https:\/\/proyeccionvisual.com.co\/index.php\/wp-json\/wp\/v2\/media\/6036"}],"wp:attachment":[{"href":"https:\/\/proyeccionvisual.com.co\/index.php\/wp-json\/wp\/v2\/media?parent=6034"}],"wp:term":[{"taxonomy":"product_cat","embeddable":true,"href":"https:\/\/proyeccionvisual.com.co\/index.php\/wp-json\/wp\/v2\/product_cat?post=6034"},{"taxonomy":"product_tag","embeddable":true,"href":"https:\/\/proyeccionvisual.com.co\/index.php\/wp-json\/wp\/v2\/product_tag?post=6034"}],"curies":[{"name":"wp","href":"https:\/\/api.w.org\/{rel}","templated":true}]}}